{"id":3138,"date":"2023-07-12T16:25:17","date_gmt":"2023-07-12T16:25:17","guid":{"rendered":"https:\/\/mimsa.cat\/aviso-legal\/"},"modified":"2023-08-07T15:00:01","modified_gmt":"2023-08-07T15:00:01","slug":"aviso-legal","status":"publish","type":"page","link":"https:\/\/mimsa.cat\/ca\/aviso-legal\/","title":{"rendered":"Av\u00eds legal"},"content":{"rendered":"<h3><strong>Dades de la empresa<\/strong><\/h3>\n<p>En compliment de l&#8217;article 10 de la Llei 34\/2002, d&#8217;11 de juliol, de serveis de la Societat de la Informaci\u00f3 i Comer\u00e7 Electr\u00f2nic, a continuaci\u00f3 s&#8217;exposen les dades identificatives de la<br \/>\nempresa.<\/p>\n<ul>\n<li>Denominaci\u00f3 social: MOLINS INDUSTRIALS MADEREROS SA en endavant &#8220;MIMSA&#8221;<\/li>\n<li>C.I.F: A25006511<\/li>\n<li>Domicili Social: Cr Tarragona 1 25191 &#8211; (Lleida) &#8211; L\u00e9rida<\/li>\n<li>Tel\u00e8fon: 973 210 632<\/li>\n<li>Email: mimsaharinas@gmail.com<\/li>\n<\/ul>\n<p>&nbsp;<\/p>\n<h3><strong>Propietat intelectual<\/strong><\/h3>\n<p>El codi font, els dissenys gr\u00e0fics, les imatges, les fotografies, els sons, les animacions, el programari, els textos, aix\u00ed com la informaci\u00f3 i els continguts que es recullen al present lloc web estan protegits per la legislaci\u00f3 espanyola sobre els drets de propietat intel\u00b7lectual i industrial a favor de MIMSA i no es permet la reproducci\u00f3 i\/o<br \/>\npublicaci\u00f3, total o parcial, del lloc web, ni el tractament inform\u00e0tic, la distribuci\u00f3, la difusi\u00f3, ni la modificaci\u00f3, la transformaci\u00f3 o la descompilaci\u00f3, ni altres drets reconeguts legalment al titular, sense el perm\u00eds previ i per escrit del mateix MIMSA.<\/p>\n<p>L&#8217;usuari, \u00fanica i exclusivament, pot utilitzar el material que aparegui en aquest lloc web per al seu \u00fas personal i privat, quedant-ne prohibit l&#8217;\u00fas amb finalitats comercials o per inc\u00f3rrer en activitats il\u00b7l\u00edcites.<\/p>\n<p>Tots els drets derivats de la propietat intel\u00b7lectual estan expressament reservats per MIMSA.<\/p>\n<p>MIMSA vetllar\u00e0 pel compliment de les condicions anteriors com per la deguda utilitzaci\u00f3 dels continguts presentats a les seves p\u00e0gines web, exercint-se totes les accions que li corresponguin en el cas d&#8217;infracci\u00f3 o incompliment d&#8217;aquests drets per part de l&#8217;usuari.<\/p>\n","protected":false},"excerpt":{"rendered":"<p>Dades de la empresa En compliment de l&#8217;article 10 de la Llei 34\/2002, d&#8217;11 de juliol, de serveis de la Societat de la Informaci\u00f3 i Comer\u00e7 Electr\u00f2nic, a continuaci\u00f3 s&#8217;exposen les dades identificatives de la empresa. Denominaci\u00f3 social: MOLINS INDUSTRIALS MADEREROS SA en endavant &#8220;MIMSA&#8221; C.I.F: A25006511 Domicili Social: Cr Tarragona 1 25191 &#8211; (Lleida) [&hellip;]<\/p>\n","protected":false},"author":1,"featured_media":0,"parent":0,"menu_order":5000,"comment_status":"closed","ping_status":"closed","template":"one-page-template.php","meta":[],"_links":{"self":[{"href":"https:\/\/mimsa.cat\/ca\/wp-json\/wp\/v2\/pages\/3138"}],"collection":[{"href":"https:\/\/mimsa.cat\/ca\/wp-json\/wp\/v2\/pages"}],"about":[{"href":"https:\/\/mimsa.cat\/ca\/wp-json\/wp\/v2\/types\/page"}],"author":[{"embeddable":true,"href":"https:\/\/mimsa.cat\/ca\/wp-json\/wp\/v2\/users\/1"}],"replies":[{"embeddable":true,"href":"https:\/\/mimsa.cat\/ca\/wp-json\/wp\/v2\/comments?post=3138"}],"version-history":[{"count":3,"href":"https:\/\/mimsa.cat\/ca\/wp-json\/wp\/v2\/pages\/3138\/revisions"}],"predecessor-version":[{"id":3196,"href":"https:\/\/mimsa.cat\/ca\/wp-json\/wp\/v2\/pages\/3138\/revisions\/3196"}],"wp:attachment":[{"href":"https:\/\/mimsa.cat\/ca\/wp-json\/wp\/v2\/media?parent=3138"}],"curies":[{"name":"wp","href":"https:\/\/api.w.org\/{rel}","templated":true}]}}