{"id":2859,"date":"2019-07-06T13:22:22","date_gmt":"2019-07-06T13:22:22","guid":{"rendered":"https:\/\/mimsa.cat\/contacto\/"},"modified":"2023-08-07T14:17:12","modified_gmt":"2023-08-07T14:17:12","slug":"contacte","status":"publish","type":"page","link":"https:\/\/mimsa.cat\/ca\/contacte\/","title":{"rendered":"Contacte"},"content":{"rendered":"<section class=\"wpb-content-wrapper\"><p>[vc_row][vc_column width=&#8221;1\/6&#8243;][\/vc_column][vc_column width=&#8221;2\/3&#8243; css=&#8221;.vc_custom_1690370551274{padding-top: 5% !important;padding-bottom: 5% !important;}&#8221;][vc_column_text]<\/p>\n<p class=\"mt-35 mb-45\"><strong>Molinos Industriales Madereros S.A<\/strong> , MIMSA \u00e9s la primera empresa espanyola fabricant de farina de fusta, mantenint des de l&#8217;any 1962 un proc\u00e9s en continua evoluci\u00f3.<\/p>\n<p>MIMSA \u00e9s la primera empresa espanyola fabricant de farina de fusta, mantenint des de l&#8217;any 1962 un proc\u00e9s en continua evoluci\u00f3.<\/p>\n<ul>\n<li><i class=\"flaticon-call-answer\"><\/i>+34 973210632<\/li>\n<li><i class=\"flaticon-envelope\"><\/i>mimsaharinas@gmail.com<\/li>\n<li><i class=\"flaticon-placeholder\"><\/i>Carretera de Tarragona km, 89, 25191 Lleida<\/li>\n<\/ul>\n<p>[\/vc_column_text][\/vc_column][vc_column width=&#8221;1\/6&#8243;][\/vc_column][\/vc_row][vc_row full_width=&#8221;stretch_row_content_no_spaces&#8221; equal_height=&#8221;yes&#8221; bg_type=&#8221;bg_color&#8221; bg_override=&#8221;ex-full&#8221; bg_color_value=&#8221;#ffffff&#8221; css=&#8221;.vc_custom_1690370490687{margin-bottom: 0px !important;border-bottom-width: 0px !important;padding-bottom: 0px !important;background-position: 0 0 !important;background-repeat: no-repeat !important;}&#8221;][vc_column][vc_column_text]<iframe loading=\"lazy\" style=\"border: 0;\" src=\"https:\/\/www.google.com\/maps\/embed?pb=!1m18!1m12!1m3!1d95460.56440273869!2d0.5968992041332348!3d41.609427145070555!2m3!1f0!2f0!3f0!3m2!1i1024!2i768!4f13.1!3m3!1m2!1s0x12a6e05f5afe9113%3A0xbf5f03facfd8b6c7!2sMolinos%20Industriales%20Madereros%20S.%20A.!5e0!3m2!1ses!2ses!4v1689917188826!5m2!1ses!2ses\" width=\"100%\" height=\"700\" allowfullscreen=\"allowfullscreen\"><\/iframe>[\/vc_column_text][\/vc_column][\/vc_row][vc_row full_width=&#8221;stretch_row_content_no_spaces&#8221; equal_height=&#8221;yes&#8221; disable_element=&#8221;yes&#8221; bg_type=&#8221;bg_color&#8221; bg_override=&#8221;ex-full&#8221; bg_color_value=&#8221;#ffffff&#8221; css=&#8221;.vc_custom_1690370277654{background-position: 0 0 !important;background-repeat: no-repeat !important;}&#8221;][vc_column width=&#8221;1\/2&#8243;][vc_column_text]<iframe loading=\"lazy\" style=\"border: 0;\" src=\"https:\/\/www.google.com\/maps\/embed?pb=!1m18!1m12!1m3!1d95460.56440273869!2d0.5968992041332348!3d41.609427145070555!2m3!1f0!2f0!3f0!3m2!1i1024!2i768!4f13.1!3m3!1m2!1s0x12a6e05f5afe9113%3A0xbf5f03facfd8b6c7!2sMolinos%20Industriales%20Madereros%20S.%20A.!5e0!3m2!1ses!2ses!4v1689917188826!5m2!1ses!2ses\" width=\"100%\" height=\"700\" allowfullscreen=\"allowfullscreen\"><\/iframe>[\/vc_column_text][\/vc_column][vc_column width=&#8221;1\/2&#8243; el_class=&#8221;cdemo-padding-contacts&#8221; css=&#8221;.vc_custom_1562420225333{padding-top: 30px !important;padding-bottom: 30px !important;}&#8221;][vc_custom_heading text=&#8221;Demana informaci\u00f3&#8221; font_container=&#8221;tag:h2|text_align:left|color:%23000000&#8243; use_theme_fonts=&#8221;yes&#8221;]<div class=\"ult-spacer spacer-69dcc21729c70\" data-id=\"69dcc21729c70\" data-height=\"40\" data-height-mobile=\"20\" data-height-tab=\"\" data-height-tab-portrait=\"20\" data-height-mobile-landscape=\"20\" style=\"clear:both;display:block;\"><\/div>\n<div class=\"wpcf7 no-js\" id=\"wpcf7-f320-o1\" lang=\"en-US\" dir=\"ltr\">\n<div class=\"screen-reader-response\"><p role=\"status\" aria-live=\"polite\" aria-atomic=\"true\"><\/p> <ul><\/ul><\/div>\n<form action=\"\/ca\/wp-json\/wp\/v2\/pages\/2859#wpcf7-f320-o1\" method=\"post\" class=\"wpcf7-form init\" aria-label=\"Contact form\" novalidate=\"novalidate\" data-status=\"init\">\n<div style=\"display: none;\">\n<input type=\"hidden\" name=\"_wpcf7\" value=\"320\" \/>\n<input type=\"hidden\" name=\"_wpcf7_version\" value=\"5.7.7\" \/>\n<input type=\"hidden\" name=\"_wpcf7_locale\" value=\"en_US\" \/>\n<input type=\"hidden\" name=\"_wpcf7_unit_tag\" value=\"wpcf7-f320-o1\" \/>\n<input type=\"hidden\" name=\"_wpcf7_container_post\" value=\"0\" \/>\n<input type=\"hidden\" name=\"_wpcf7_posted_data_hash\" value=\"\" \/>\n<\/div>\n<div class=\"koral-multiple-fields\">\n\t<div class=\"f-name\">\n\t\t<p>Your Name <span class=\"cforms-required\">(required)<\/span>\n\t\t<\/p>\n\t\t<p><span class=\"wpcf7-form-control-wrap\" data-name=\"your-name\"><input size=\"40\" class=\"wpcf7-form-control wpcf7-text wpcf7-validates-as-required\" aria-required=\"true\" aria-invalid=\"false\" value=\"\" type=\"text\" name=\"your-name\" \/><\/span>\n\t\t<\/p>\n\t<\/div>\n\t<div class=\"f-email\">\n\t\t<p>Your Email <span class=\"cforms-required\">(required)<\/span>\n\t\t<\/p>\n\t\t<p><span class=\"wpcf7-form-control-wrap\" data-name=\"your-email\"><input size=\"40\" class=\"wpcf7-form-control wpcf7-text wpcf7-email wpcf7-validates-as-required wpcf7-validates-as-email\" aria-required=\"true\" aria-invalid=\"false\" value=\"\" type=\"email\" name=\"your-email\" \/><\/span>\n\t\t<\/p>\n\t<\/div>\n\t<div class=\"f-subject\">\n\t\t<p>Subject\n\t\t<\/p>\n\t\t<p><span class=\"wpcf7-form-control-wrap\" data-name=\"your-subject\"><input size=\"40\" class=\"wpcf7-form-control wpcf7-text\" aria-invalid=\"false\" value=\"\" type=\"text\" name=\"your-subject\" \/><\/span>\n\t\t<\/p>\n\t<\/div>\n\t<div class=\"f-service\">\n\t\t<p>Service Desired\n\t\t<\/p>\n\t\t<p><span class=\"wpcf7-form-control-wrap\" data-name=\"menu-781\"><select class=\"wpcf7-form-control wpcf7-select\" aria-invalid=\"false\" name=\"menu-781\"><option value=\"Web Design\">Web Design<\/option><option value=\"Branding\">Branding<\/option><option value=\"Web APS\">Web APS<\/option><option value=\"Graphic\">Graphic<\/option><option value=\"Support\">Support<\/option><\/select><\/span>\n\t\t<\/p>\n\t<\/div>\n\t<div class=\"f-message\">\n\t\t<p>Your Message\n\t\t<\/p>\n\t\t<p><span class=\"wpcf7-form-control-wrap\" data-name=\"your-message\"><textarea cols=\"40\" rows=\"10\" class=\"wpcf7-form-control wpcf7-textarea\" aria-invalid=\"false\" name=\"your-message\"><\/textarea><\/span>\n\t\t<\/p>\n\t<\/div>\n\t<div class=\"bt-contact\">\n\t\t<p><a class=\"btn-contact-left\"><input class=\"wpcf7-form-control has-spinner wpcf7-submit\" type=\"submit\" value=\"SEND EMAIL\" \/><\/a>\n\t\t<\/p>\n\t<\/div>\n<\/div><div class=\"wpcf7-response-output\" aria-hidden=\"true\"><\/div>\n<\/form>\n<\/div>\n[\/vc_column][\/vc_row]<\/p>\n<\/section>","protected":false},"excerpt":{"rendered":"<p>[vc_row][vc_column width=&#8221;1\/6&#8243;][\/vc_column][vc_column width=&#8221;2\/3&#8243; css=&#8221;.vc_custom_1690370551274{padding-top: 5% !important;padding-bottom: 5% !important;}&#8221;][vc_column_text] Molinos Industriales Madereros S.A , MIMSA \u00e9s la primera empresa espanyola fabricant de farina de fusta, mantenint des de l&#8217;any 1962 un proc\u00e9s en continua evoluci\u00f3. MIMSA \u00e9s la primera empresa espanyola fabricant de farina de fusta, mantenint des de l&#8217;any 1962 un proc\u00e9s en continua evoluci\u00f3. [&hellip;]<\/p>\n","protected":false},"author":3,"featured_media":0,"parent":0,"menu_order":1000,"comment_status":"closed","ping_status":"closed","template":"page.php","meta":[],"_links":{"self":[{"href":"https:\/\/mimsa.cat\/ca\/wp-json\/wp\/v2\/pages\/2859"}],"collection":[{"href":"https:\/\/mimsa.cat\/ca\/wp-json\/wp\/v2\/pages"}],"about":[{"href":"https:\/\/mimsa.cat\/ca\/wp-json\/wp\/v2\/types\/page"}],"author":[{"embeddable":true,"href":"https:\/\/mimsa.cat\/ca\/wp-json\/wp\/v2\/users\/3"}],"replies":[{"embeddable":true,"href":"https:\/\/mimsa.cat\/ca\/wp-json\/wp\/v2\/comments?post=2859"}],"version-history":[{"count":12,"href":"https:\/\/mimsa.cat\/ca\/wp-json\/wp\/v2\/pages\/2859\/revisions"}],"predecessor-version":[{"id":3178,"href":"https:\/\/mimsa.cat\/ca\/wp-json\/wp\/v2\/pages\/2859\/revisions\/3178"}],"wp:attachment":[{"href":"https:\/\/mimsa.cat\/ca\/wp-json\/wp\/v2\/media?parent=2859"}],"curies":[{"name":"wp","href":"https:\/\/api.w.org\/{rel}","templated":true}]}}